{"id":529,"date":"2024-05-23T08:14:07","date_gmt":"2024-05-23T08:14:07","guid":{"rendered":"https:\/\/bl-heubach.de\/?page_id=529"},"modified":"2024-05-23T17:54:44","modified_gmt":"2024-05-23T17:54:44","slug":"bl-am-16-05-24-in-lautern","status":"publish","type":"page","link":"https:\/\/bl-heubach.de\/?page_id=529","title":{"rendered":"BL am 16.05.24 in Lautern"},"content":{"rendered":"\n<p>Am 16.05.24 informierten sich die KandidatenInnen der B\u00fcrgerlichen Liste Heubach (BL) \u00fcber die aktuelle Situation und Handlungsfelder in Lautern. <\/p>\n\n\n\n<p>Philipp Woditsch und Andreas Maier berichteten \u00fcber den Bedarf an Gewerbefl\u00e4chen, f\u00fcr die es zwar theoretische Planungen, aber keine konkreten Grundst\u00fccke gibt.  Dasselbe Problem gibt es beim Wohnraum f\u00fcr \u00c4ltere vor Ort. Auch hier scheitern Pl\u00e4ne f\u00fcr eine Senioren-Wohngemeinschaft an der Verf\u00fcgbarkeit von Grundst\u00fccken. Aktuell und brisant ist die mangelhafte Radwegeverbindung nach Heubach. Dem dritten Thema, das an der Verkaufsbereitschaft von Grundst\u00fccksbesitzern zu scheitern droht. <\/p>\n\n\n\n<p>Ideen f\u00fcr Verbesserungen beim \u00d6PNV (Linie 1 bis Lautern, bedarfsgerechterer Fahrplan, offizielles Mitfahrb\u00e4nkle), das verbesserungsd\u00fcrftige Kinderbetreuungsangebot in Kindergarten und Grundschule wurden au\u00dferdem im Laufe des Abends diskutiert. Die Zukunft der &#8222;alten Molke&#8220; sowie vom &#8222;Haus Winter&#8220; des Heimat- und Geschichtsvereines und die Situation von Gastronomie, Handel und Feuerwehr, samt Bezirksamt waren der letzte Themenblock, der dann vor Ort im Bezirksamt besprochen wurde.<\/p>\n\n\n\n<p><\/p>\n","protected":false},"excerpt":{"rendered":"<p>Am 16.05.24 informierten sich die KandidatenInnen der B\u00fcrgerlichen Liste Heubach (BL) \u00fcber die aktuelle Situation und Handlungsfelder in Lautern. Philipp Woditsch und Andreas Maier berichteten \u00fcber den Bedarf an Gewerbefl\u00e4chen, f\u00fcr die es zwar theoretische Planungen, aber keine konkreten Grundst\u00fccke gibt. Dasselbe Problem gibt es beim Wohnraum f\u00fcr \u00c4ltere vor Ort. Auch hier scheitern Pl\u00e4ne &hellip; <\/p>\n<p class=\"link-more\"><a href=\"https:\/\/bl-heubach.de\/?page_id=529\" class=\"more-link\"><span class=\"screen-reader-text\">\u201eBL am 16.05.24 in Lautern\u201c<\/span> weiterlesen<\/a><\/p>\n","protected":false},"author":1,"featured_media":0,"parent":0,"menu_order":0,"comment_status":"closed","ping_status":"closed","template":"","meta":{"footnotes":""},"class_list":["post-529","page","type-page","status-publish","hentry"],"_links":{"self":[{"href":"https:\/\/bl-heubach.de\/index.php?rest_route=\/wp\/v2\/pages\/529","targetHints":{"allow":["GET"]}}],"collection":[{"href":"https:\/\/bl-heubach.de\/index.php?rest_route=\/wp\/v2\/pages"}],"about":[{"href":"https:\/\/bl-heubach.de\/index.php?rest_route=\/wp\/v2\/types\/page"}],"author":[{"embeddable":true,"href":"https:\/\/bl-heubach.de\/index.php?rest_route=\/wp\/v2\/users\/1"}],"replies":[{"embeddable":true,"href":"https:\/\/bl-heubach.de\/index.php?rest_route=%2Fwp%2Fv2%2Fcomments&post=529"}],"version-history":[{"count":6,"href":"https:\/\/bl-heubach.de\/index.php?rest_route=\/wp\/v2\/pages\/529\/revisions"}],"predecessor-version":[{"id":538,"href":"https:\/\/bl-heubach.de\/index.php?rest_route=\/wp\/v2\/pages\/529\/revisions\/538"}],"wp:attachment":[{"href":"https:\/\/bl-heubach.de\/index.php?rest_route=%2Fwp%2Fv2%2Fmedia&parent=529"}],"curies":[{"name":"wp","href":"https:\/\/api.w.org\/{rel}","templated":true}]}}