{"id":471,"date":"2024-05-13T09:53:43","date_gmt":"2024-05-13T09:53:43","guid":{"rendered":"https:\/\/bl-heubach.de\/?page_id=471"},"modified":"2024-05-13T09:53:43","modified_gmt":"2024-05-13T09:53:43","slug":"jochen-biegon","status":"publish","type":"page","link":"https:\/\/bl-heubach.de\/?page_id=471","title":{"rendered":"Jochen Biegon"},"content":{"rendered":"\n<div class=\"wp-block-media-text is-stacked-on-mobile is-style-rounded\"><figure class=\"wp-block-media-text__media\"><img loading=\"lazy\" decoding=\"async\" width=\"476\" height=\"600\" src=\"https:\/\/bl-heubach.de\/wp-content\/uploads\/2024\/04\/05_Biegon.jpg\" alt=\"\" class=\"wp-image-414 size-full\" srcset=\"https:\/\/bl-heubach.de\/wp-content\/uploads\/2024\/04\/05_Biegon.jpg 476w, https:\/\/bl-heubach.de\/wp-content\/uploads\/2024\/04\/05_Biegon-238x300.jpg 238w\" sizes=\"auto, (max-width: 476px) 100vw, 476px\" \/><\/figure><div class=\"wp-block-media-text__content\">\n<p><strong>Jochen Biegon (55)<\/strong><\/p>\n\n\n\n<p>Bauingenieur<\/p>\n\n\n\n<p>Ich m\u00f6chte mich einsetzen f\u00fcr \u2026<\/p>\n\n\n\n<ul class=\"wp-block-list\">\n<li>eine zukunftsf\u00e4hige Infrastruktur, die den Bed\u00fcrfnissen unserer B\u00fcrger und Vereine gerecht wird<\/li>\n\n\n\n<li>eine gerechte, nachhaltige und moderne Baupolitik in unserer Stadt<\/li>\n\n\n\n<li>ein gutes und harmonisches Miteinander zwischen Stadt(Verwaltung) und B\u00fcrgern bzw. Vereinen<\/li>\n<\/ul>\n<\/div><\/div>\n","protected":false},"excerpt":{"rendered":"","protected":false},"author":1,"featured_media":0,"parent":0,"menu_order":0,"comment_status":"closed","ping_status":"closed","template":"","meta":{"footnotes":""},"class_list":["post-471","page","type-page","status-publish","hentry"],"_links":{"self":[{"href":"https:\/\/bl-heubach.de\/index.php?rest_route=\/wp\/v2\/pages\/471","targetHints":{"allow":["GET"]}}],"collection":[{"href":"https:\/\/bl-heubach.de\/index.php?rest_route=\/wp\/v2\/pages"}],"about":[{"href":"https:\/\/bl-heubach.de\/index.php?rest_route=\/wp\/v2\/types\/page"}],"author":[{"embeddable":true,"href":"https:\/\/bl-heubach.de\/index.php?rest_route=\/wp\/v2\/users\/1"}],"replies":[{"embeddable":true,"href":"https:\/\/bl-heubach.de\/index.php?rest_route=%2Fwp%2Fv2%2Fcomments&post=471"}],"version-history":[{"count":1,"href":"https:\/\/bl-heubach.de\/index.php?rest_route=\/wp\/v2\/pages\/471\/revisions"}],"predecessor-version":[{"id":472,"href":"https:\/\/bl-heubach.de\/index.php?rest_route=\/wp\/v2\/pages\/471\/revisions\/472"}],"wp:attachment":[{"href":"https:\/\/bl-heubach.de\/index.php?rest_route=%2Fwp%2Fv2%2Fmedia&parent=471"}],"curies":[{"name":"wp","href":"https:\/\/api.w.org\/{rel}","templated":true}]}}