{"id":282,"date":"2022-02-24T07:38:28","date_gmt":"2022-02-24T07:38:28","guid":{"rendered":"https:\/\/bl-heubach.de\/?page_id=282"},"modified":"2023-06-26T08:38:27","modified_gmt":"2023-06-26T08:38:27","slug":"info","status":"publish","type":"page","link":"https:\/\/bl-heubach.de\/?page_id=282","title":{"rendered":"Info"},"content":{"rendered":"\n<p><a href=\"https:\/\/gis.engeo.de\/gisbis\/synserver?project=ostalbmap&amp;language=de&amp;client=flexjs\" target=\"_blank\" rel=\"noreferrer noopener\">WebGis Ostalbkreis (Ostalbmap)<\/a><\/p>\n\n\n\n<p><a rel=\"noreferrer noopener\" href=\"https:\/\/www.heubach.de\/start\/service\/bauleitplanung.html\" target=\"_blank\">Bauleitplanung Heubach<\/a><\/p>\n\n\n\n<p><a href=\"https:\/\/buergergis.komm.one\/heubachbg\/online\" target=\"_blank\" rel=\"noreferrer noopener\">B\u00fcrger GIS Bebauungspl\u00e4ne Heubach<\/a><\/p>\n\n\n\n<p><a href=\"https:\/\/www.gutachterausschuesse-bw.de\/borisbw\/?lang=de\" target=\"_blank\" rel=\"noreferrer noopener\">BORIS-BW -&gt; Bodenrichtwerte Baden-W\u00fcrttemberg<\/a><\/p>\n","protected":false},"excerpt":{"rendered":"<p>WebGis Ostalbkreis (Ostalbmap) Bauleitplanung Heubach B\u00fcrger GIS Bebauungspl\u00e4ne Heubach BORIS-BW -&gt; Bodenrichtwerte Baden-W\u00fcrttemberg<\/p>\n","protected":false},"author":1,"featured_media":0,"parent":0,"menu_order":0,"comment_status":"closed","ping_status":"closed","template":"","meta":{"footnotes":""},"class_list":["post-282","page","type-page","status-publish","hentry"],"_links":{"self":[{"href":"https:\/\/bl-heubach.de\/index.php?rest_route=\/wp\/v2\/pages\/282","targetHints":{"allow":["GET"]}}],"collection":[{"href":"https:\/\/bl-heubach.de\/index.php?rest_route=\/wp\/v2\/pages"}],"about":[{"href":"https:\/\/bl-heubach.de\/index.php?rest_route=\/wp\/v2\/types\/page"}],"author":[{"embeddable":true,"href":"https:\/\/bl-heubach.de\/index.php?rest_route=\/wp\/v2\/users\/1"}],"replies":[{"embeddable":true,"href":"https:\/\/bl-heubach.de\/index.php?rest_route=%2Fwp%2Fv2%2Fcomments&post=282"}],"version-history":[{"count":6,"href":"https:\/\/bl-heubach.de\/index.php?rest_route=\/wp\/v2\/pages\/282\/revisions"}],"predecessor-version":[{"id":345,"href":"https:\/\/bl-heubach.de\/index.php?rest_route=\/wp\/v2\/pages\/282\/revisions\/345"}],"wp:attachment":[{"href":"https:\/\/bl-heubach.de\/index.php?rest_route=%2Fwp%2Fv2%2Fmedia&parent=282"}],"curies":[{"name":"wp","href":"https:\/\/api.w.org\/{rel}","templated":true}]}}